{"id":10449,"date":"2024-11-20T10:29:33","date_gmt":"2024-11-20T15:29:33","guid":{"rendered":"https:\/\/bpa.ca\/?page_id=10449"},"modified":"2024-11-21T08:10:50","modified_gmt":"2024-11-21T13:10:50","slug":"integration-davidson-et-associes","status":"publish","type":"page","link":"https:\/\/bpa.ca\/fr\/integration-davidson-et-associes\/","title":{"rendered":"Davidson et Associ\u00e9s : maintenant BPA"},"content":{"rendered":"\t\t<div data-elementor-type=\"wp-page\" data-elementor-id=\"10449\" class=\"elementor elementor-10449\" data-elementor-post-type=\"page\">\n\t\t\t\t\t\t<section class=\"elementor-section elementor-top-section elementor-element elementor-element-a25ead0 elementor-section-boxed elementor-section-height-default elementor-section-height-default\" data-id=\"a25ead0\" data-element_type=\"section\" data-e-type=\"section\">\n\t\t\t\t\t\t\t<div class=\"elementor-background-overlay\"><\/div>\n\t\t\t\t\t\t\t<div class=\"elementor-container elementor-column-gap-default\">\n\t\t\t\t\t<div class=\"elementor-column elementor-col-100 elementor-top-column elementor-element elementor-element-d7e0b44\" data-id=\"d7e0b44\" data-element_type=\"column\" data-e-type=\"column\">\n\t\t\t<div class=\"elementor-widget-wrap elementor-element-populated\">\n\t\t\t\t\t\t<div class=\"elementor-element elementor-element-040028e elementor-widget elementor-widget-heading\" data-id=\"040028e\" data-element_type=\"widget\" data-e-type=\"widget\" data-widget_type=\"heading.default\">\n\t\t\t\t<div class=\"elementor-widget-container\">\n\t\t\t\t\t<h1 class=\"elementor-heading-title elementor-size-default\">Davidson et Associ\u00e9s : maintenant BPA<\/h1>\t\t\t\t<\/div>\n\t\t\t\t<\/div>\n\t\t\t\t<div class=\"elementor-element elementor-element-0a9ff5b elementor-widget elementor-widget-text-editor\" data-id=\"0a9ff5b\" data-element_type=\"widget\" data-e-type=\"widget\" data-widget_type=\"text-editor.default\">\n\t\t\t\t<div class=\"elementor-widget-container\">\n\t\t\t\t\t\t\t\t\t<p>Apr\u00e8s avoir joint BPA en 2018, Davidson et Associ\u00e9s op\u00e8re aujourd\u2019hui pleinement sous le nom et la marque de BPA.<\/p>\t\t\t\t\t\t\t\t<\/div>\n\t\t\t\t<\/div>\n\t\t\t\t<div class=\"elementor-element elementor-element-13fa683 elementor-widget elementor-widget-text-editor\" data-id=\"13fa683\" data-element_type=\"widget\" data-e-type=\"widget\" data-widget_type=\"text-editor.default\">\n\t\t\t\t<div class=\"elementor-widget-container\">\n\t\t\t\t\t\t\t\t\t<p><strong>D\u00e9couvrez notre site internet!<\/strong><\/p>\t\t\t\t\t\t\t\t<\/div>\n\t\t\t\t<\/div>\n\t\t\t\t<section class=\"elementor-section elementor-inner-section elementor-element elementor-element-a61ce17 elementor-section-boxed elementor-section-height-default elementor-section-height-default\" data-id=\"a61ce17\" data-element_type=\"section\" data-e-type=\"section\">\n\t\t\t\t\t\t<div class=\"elementor-container elementor-column-gap-default\">\n\t\t\t\t\t<div class=\"elementor-column elementor-col-50 elementor-inner-column elementor-element elementor-element-84f52a6\" data-id=\"84f52a6\" data-element_type=\"column\" data-e-type=\"column\">\n\t\t\t<div class=\"elementor-widget-wrap elementor-element-populated\">\n\t\t\t\t\t\t<div class=\"elementor-element elementor-element-5ee624f elementor-widget elementor-widget-ucaddon_underline_link_hover_effect\" data-id=\"5ee624f\" data-element_type=\"widget\" data-e-type=\"widget\" data-widget_type=\"ucaddon_underline_link_hover_effect.default\">\n\t\t\t\t<div class=\"elementor-widget-container\">\n\t\t\t\t\t\n<!-- start Underline Link Hover Effect -->\n\t\t<link id='font-awesome-css' href='https:\/\/bpa.ca\/wp-content\/plugins\/unlimited-elements-for-elementor-premium\/assets_libraries\/font-awesome6\/fontawesome-all.min.css' type='text\/css' rel='stylesheet' >\n\t\t<link id='font-awesome-4-shim-css' href='https:\/\/bpa.ca\/wp-content\/plugins\/unlimited-elements-for-elementor-premium\/assets_libraries\/font-awesome6\/fontawesome-v4-shims.min.css' type='text\/css' rel='stylesheet' >\n\n<style>\/* widget: Underline Link Hover Effect *\/\n\n#uc_underline_link_hover_effect_elementor_5ee624f\n{\n  display:flex;\n} \n\n#uc_underline_link_hover_effect_elementor_5ee624f a.ue-link\n{\n  display:flex;\n  position:relative;\n  align-items:center;\n  justify-content:center;\n  text-decoration:none;\n}\n\n#uc_underline_link_hover_effect_elementor_5ee624f a.ue-link:after\n{\n  content: \"\";\n  width:100%;\n  position:absolute;\n  bottom:0px;\n  left:0px;\n  display: block;\n  transition:1s;\n}\n\n#uc_underline_link_hover_effect_elementor_5ee624f a:hover:after\n{\n  width:0%;\n}\n\n#uc_underline_link_hover_effect_elementor_5ee624f .ue-link-hover-effect-spacing\n{\n  width:15px;\n  transition:1s;\n}\n\n#uc_underline_link_hover_effect_elementor_5ee624f a:hover .ue-link-hover-effect-spacing\n{\n  width:30px;\n}\n\n#uc_underline_link_hover_effect_elementor_5ee624f .ue-link-hover-effect-text\n{\n  padding:10px 0px;\n}\n\n#uc_underline_link_hover_effect_elementor_5ee624f .ue-link-hover-effect-icon\n{\n  line-height:1em;\n}\n\n#uc_underline_link_hover_effect_elementor_5ee624f .ue-link-hover-effect-icon svg\n{\n  height:1em;\n  width:1em;\n}\n\n<\/style>\n\n<div id=\"uc_underline_link_hover_effect_elementor_5ee624f\" class=\"ue-link-wrap\">\n<a class=\"ue-link\" href=\"\/fr\/\" >\n  <div class=\"ue-link-hover-effect-text\">Page d\u2019accueil<\/div>\n  <div class=\"ue-link-hover-effect-spacing\"><\/div>\n  <div class=\"ue-link-hover-effect-icon\"><i class=''><\/i><\/div>\n<\/a>\n<\/div>\n<!-- end Underline Link Hover Effect -->\t\t\t\t<\/div>\n\t\t\t\t<\/div>\n\t\t\t\t\t<\/div>\n\t\t<\/div>\n\t\t\t\t<div class=\"elementor-column elementor-col-50 elementor-inner-column elementor-element elementor-element-1795724\" data-id=\"1795724\" data-element_type=\"column\" data-e-type=\"column\">\n\t\t\t<div class=\"elementor-widget-wrap elementor-element-populated\">\n\t\t\t\t\t\t<div class=\"elementor-element elementor-element-562d200 elementor-widget elementor-widget-ucaddon_underline_link_hover_effect\" data-id=\"562d200\" data-element_type=\"widget\" data-e-type=\"widget\" data-widget_type=\"ucaddon_underline_link_hover_effect.default\">\n\t\t\t\t<div class=\"elementor-widget-container\">\n\t\t\t\t\t\n<!-- start Underline Link Hover Effect -->\n\n<style>\/* widget: Underline Link Hover Effect *\/\n\n#uc_underline_link_hover_effect_elementor_562d200\n{\n  display:flex;\n} \n\n#uc_underline_link_hover_effect_elementor_562d200 a.ue-link\n{\n  display:flex;\n  position:relative;\n  align-items:center;\n  justify-content:center;\n  text-decoration:none;\n}\n\n#uc_underline_link_hover_effect_elementor_562d200 a.ue-link:after\n{\n  content: \"\";\n  width:100%;\n  position:absolute;\n  bottom:0px;\n  left:0px;\n  display: block;\n  transition:1s;\n}\n\n#uc_underline_link_hover_effect_elementor_562d200 a:hover:after\n{\n  width:0%;\n}\n\n#uc_underline_link_hover_effect_elementor_562d200 .ue-link-hover-effect-spacing\n{\n  width:15px;\n  transition:1s;\n}\n\n#uc_underline_link_hover_effect_elementor_562d200 a:hover .ue-link-hover-effect-spacing\n{\n  width:30px;\n}\n\n#uc_underline_link_hover_effect_elementor_562d200 .ue-link-hover-effect-text\n{\n  padding:10px 0px;\n}\n\n#uc_underline_link_hover_effect_elementor_562d200 .ue-link-hover-effect-icon\n{\n  line-height:1em;\n}\n\n#uc_underline_link_hover_effect_elementor_562d200 .ue-link-hover-effect-icon svg\n{\n  height:1em;\n  width:1em;\n}\n\n<\/style>\n\n<div id=\"uc_underline_link_hover_effect_elementor_562d200\" class=\"ue-link-wrap\">\n<a class=\"ue-link\" href=\"\/fr\/expertises\/acoustique-insonorisation\/\" >\n  <div class=\"ue-link-hover-effect-text\">Acoustique et insonorisation<\/div>\n  <div class=\"ue-link-hover-effect-spacing\"><\/div>\n  <div class=\"ue-link-hover-effect-icon\"><i class=''><\/i><\/div>\n<\/a>\n<\/div>\n<!-- end Underline Link Hover Effect -->\t\t\t\t<\/div>\n\t\t\t\t<\/div>\n\t\t\t\t\t<\/div>\n\t\t<\/div>\n\t\t\t\t\t<\/div>\n\t\t<\/section>\n\t\t\t\t<div class=\"elementor-element elementor-element-f83a257 elementor-widget elementor-widget-text-editor\" data-id=\"f83a257\" data-element_type=\"widget\" data-e-type=\"widget\" data-widget_type=\"text-editor.default\">\n\t\t\t\t<div class=\"elementor-widget-container\">\n\t\t\t\t\t\t\t\t\t<p>Pour garder contact et ne rien manquer, suivez-nous sur <u><a href=\"https:\/\/www.linkedin.com\/company\/bpa\/\" target=\"_blank\" rel=\"noopener\" data-saferedirecturl=\"https:\/\/www.google.com\/url?q=https:\/\/www.linkedin.com\/company\/bpa\/&amp;source=gmail&amp;ust=1731517511363000&amp;usg=AOvVaw3T3dXpelCZI4RteYINEipZ\">LinkedIn!<\/a><\/u><\/p>\t\t\t\t\t\t\t\t<\/div>\n\t\t\t\t<\/div>\n\t\t\t\t\t<\/div>\n\t\t<\/div>\n\t\t\t\t\t<\/div>\n\t\t<\/section>\n\t\t\t\t<\/div>\n\t\t","protected":false},"excerpt":{"rendered":"<p>Davidson et Associ\u00e9s : maintenant BPA Apr\u00e8s avoir joint BPA en 2018, Davidson et Associ\u00e9s op\u00e8re aujourd\u2019hui pleinement sous le nom et la marque de BPA. D\u00e9couvrez notre site internet! Page d\u2019accueil Acoustique et insonorisation Pour garder contact et ne rien manquer, suivez-nous sur LinkedIn!<\/p>\n","protected":false},"author":2,"featured_media":0,"parent":0,"menu_order":0,"comment_status":"closed","ping_status":"closed","template":"","meta":{"_acf_changed":false,"site-sidebar-layout":"no-sidebar","site-content-layout":"page-builder","ast-site-content-layout":"full-width-container","site-content-style":"default","site-sidebar-style":"default","ast-global-header-display":"","ast-banner-title-visibility":"","ast-main-header-display":"","ast-hfb-above-header-display":"","ast-hfb-below-header-display":"","ast-hfb-mobile-header-display":"","site-post-title":"disabled","ast-breadcrumbs-content":"","ast-featured-img":"disabled","footer-sml-layout":"","ast-disable-related-posts":"","theme-transparent-header-meta":"default","adv-header-id-meta":"","stick-header-meta":"default","header-above-stick-meta":"","header-main-stick-meta":"","header-below-stick-meta":"","astra-migrate-meta-layouts":"set","ast-page-background-enabled":"default","ast-page-background-meta":{"desktop":{"background-color":"","background-image":"","background-repeat":"repeat","background-position":"center center","background-size":"auto","background-attachment":"scroll","background-type":"","background-media":"","overlay-type":"","overlay-color":"","overlay-opacity":"","overlay-gradient":""},"tablet":{"background-color":"","background-image":"","background-repeat":"repeat","background-position":"center center","background-size":"auto","background-attachment":"scroll","background-type":"","background-media":"","overlay-type":"","overlay-color":"","overlay-opacity":"","overlay-gradient":""},"mobile":{"background-color":"","background-image":"","background-repeat":"repeat","background-position":"center center","background-size":"auto","background-attachment":"scroll","background-type":"","background-media":"","overlay-type":"","overlay-color":"","overlay-opacity":"","overlay-gradient":""}},"ast-content-background-meta":{"desktop":{"background-color":"var(--ast-global-color-5)","background-image":"","background-repeat":"repeat","background-position":"center center","background-size":"auto","background-attachment":"scroll","background-type":"","background-media":"","overlay-type":"","overlay-color":"","overlay-opacity":"","overlay-gradient":""},"tablet":{"background-color":"var(--ast-global-color-5)","background-image":"","background-repeat":"repeat","background-position":"center center","background-size":"auto","background-attachment":"scroll","background-type":"","background-media":"","overlay-type":"","overlay-color":"","overlay-opacity":"","overlay-gradient":""},"mobile":{"background-color":"var(--ast-global-color-5)","background-image":"","background-repeat":"repeat","background-position":"center center","background-size":"auto","background-attachment":"scroll","background-type":"","background-media":"","overlay-type":"","overlay-color":"","overlay-opacity":"","overlay-gradient":""}},"footnotes":""},"class_list":["post-10449","page","type-page","status-publish","hentry"],"acf":[],"yoast_head":"<!-- This site is optimized with the Yoast SEO plugin v27.4 - https:\/\/yoast.com\/product\/yoast-seo-wordpress\/ -->\n<title>Davidson et Associ\u00e9s : maintenant BPA | BPA<\/title>\n<meta name=\"robots\" content=\"noindex, nofollow\" \/>\n<meta property=\"og:locale\" content=\"fr_FR\" \/>\n<meta property=\"og:type\" content=\"article\" \/>\n<meta property=\"og:title\" content=\"Davidson et Associ\u00e9s : maintenant BPA | BPA\" \/>\n<meta property=\"og:description\" content=\"Davidson et Associ\u00e9s : maintenant BPA Apr\u00e8s avoir joint BPA en 2018, Davidson et Associ\u00e9s op\u00e8re aujourd\u2019hui pleinement sous le nom et la marque de BPA. D\u00e9couvrez notre site internet! Page d\u2019accueil Acoustique et insonorisation Pour garder contact et ne rien manquer, suivez-nous sur LinkedIn!\" \/>\n<meta property=\"og:url\" content=\"https:\/\/bpa.ca\/fr\/integration-davidson-et-associes\/\" \/>\n<meta property=\"og:site_name\" content=\"BPA\" \/>\n<meta property=\"article:modified_time\" content=\"2024-11-21T13:10:50+00:00\" \/>\n<meta name=\"twitter:card\" content=\"summary_large_image\" \/>\n<script type=\"application\/ld+json\" class=\"yoast-schema-graph\">{\"@context\":\"https:\\\/\\\/schema.org\",\"@graph\":[{\"@type\":\"WebPage\",\"@id\":\"https:\\\/\\\/bpa.ca\\\/fr\\\/integration-davidson-et-associes\\\/\",\"url\":\"https:\\\/\\\/bpa.ca\\\/fr\\\/integration-davidson-et-associes\\\/\",\"name\":\"Davidson et Associ\u00e9s : maintenant BPA | BPA\",\"isPartOf\":{\"@id\":\"https:\\\/\\\/bpa.ca\\\/fr\\\/#website\"},\"datePublished\":\"2024-11-20T15:29:33+00:00\",\"dateModified\":\"2024-11-21T13:10:50+00:00\",\"breadcrumb\":{\"@id\":\"https:\\\/\\\/bpa.ca\\\/fr\\\/integration-davidson-et-associes\\\/#breadcrumb\"},\"inLanguage\":\"fr-FR\",\"potentialAction\":[{\"@type\":\"ReadAction\",\"target\":[\"https:\\\/\\\/bpa.ca\\\/fr\\\/integration-davidson-et-associes\\\/\"]}]},{\"@type\":\"BreadcrumbList\",\"@id\":\"https:\\\/\\\/bpa.ca\\\/fr\\\/integration-davidson-et-associes\\\/#breadcrumb\",\"itemListElement\":[{\"@type\":\"ListItem\",\"position\":1,\"name\":\"Home\",\"item\":\"https:\\\/\\\/bpa.ca\\\/fr\\\/\"},{\"@type\":\"ListItem\",\"position\":2,\"name\":\"Davidson et Associ\u00e9s : maintenant BPA\"}]},{\"@type\":\"WebSite\",\"@id\":\"https:\\\/\\\/bpa.ca\\\/fr\\\/#website\",\"url\":\"https:\\\/\\\/bpa.ca\\\/fr\\\/\",\"name\":\"BPA\",\"description\":\"\",\"publisher\":{\"@id\":\"https:\\\/\\\/bpa.ca\\\/fr\\\/#organization\"},\"potentialAction\":[{\"@type\":\"SearchAction\",\"target\":{\"@type\":\"EntryPoint\",\"urlTemplate\":\"https:\\\/\\\/bpa.ca\\\/fr\\\/?s={search_term_string}\"},\"query-input\":{\"@type\":\"PropertyValueSpecification\",\"valueRequired\":true,\"valueName\":\"search_term_string\"}}],\"inLanguage\":\"fr-FR\"},{\"@type\":\"Organization\",\"@id\":\"https:\\\/\\\/bpa.ca\\\/fr\\\/#organization\",\"name\":\"BPA\",\"url\":\"https:\\\/\\\/bpa.ca\\\/fr\\\/\",\"logo\":{\"@type\":\"ImageObject\",\"inLanguage\":\"fr-FR\",\"@id\":\"https:\\\/\\\/bpa.ca\\\/fr\\\/#\\\/schema\\\/logo\\\/image\\\/\",\"url\":\"https:\\\/\\\/bpa.ca\\\/wp-content\\\/uploads\\\/2026\\\/01\\\/BPA_Logo-70_avec_sloganFR_couleur_RGB.svg\",\"contentUrl\":\"https:\\\/\\\/bpa.ca\\\/wp-content\\\/uploads\\\/2026\\\/01\\\/BPA_Logo-70_avec_sloganFR_couleur_RGB.svg\",\"caption\":\"BPA\"},\"image\":{\"@id\":\"https:\\\/\\\/bpa.ca\\\/fr\\\/#\\\/schema\\\/logo\\\/image\\\/\"}}]}<\/script>\n<!-- \/ Yoast SEO plugin. -->","yoast_head_json":{"title":"Davidson et Associ\u00e9s : maintenant BPA | BPA","robots":{"index":"noindex","follow":"nofollow"},"og_locale":"fr_FR","og_type":"article","og_title":"Davidson et Associ\u00e9s : maintenant BPA | BPA","og_description":"Davidson et Associ\u00e9s : maintenant BPA Apr\u00e8s avoir joint BPA en 2018, Davidson et Associ\u00e9s op\u00e8re aujourd\u2019hui pleinement sous le nom et la marque de BPA. D\u00e9couvrez notre site internet! Page d\u2019accueil Acoustique et insonorisation Pour garder contact et ne rien manquer, suivez-nous sur LinkedIn!","og_url":"https:\/\/bpa.ca\/fr\/integration-davidson-et-associes\/","og_site_name":"BPA","article_modified_time":"2024-11-21T13:10:50+00:00","twitter_card":"summary_large_image","schema":{"@context":"https:\/\/schema.org","@graph":[{"@type":"WebPage","@id":"https:\/\/bpa.ca\/fr\/integration-davidson-et-associes\/","url":"https:\/\/bpa.ca\/fr\/integration-davidson-et-associes\/","name":"Davidson et Associ\u00e9s : maintenant BPA | BPA","isPartOf":{"@id":"https:\/\/bpa.ca\/fr\/#website"},"datePublished":"2024-11-20T15:29:33+00:00","dateModified":"2024-11-21T13:10:50+00:00","breadcrumb":{"@id":"https:\/\/bpa.ca\/fr\/integration-davidson-et-associes\/#breadcrumb"},"inLanguage":"fr-FR","potentialAction":[{"@type":"ReadAction","target":["https:\/\/bpa.ca\/fr\/integration-davidson-et-associes\/"]}]},{"@type":"BreadcrumbList","@id":"https:\/\/bpa.ca\/fr\/integration-davidson-et-associes\/#breadcrumb","itemListElement":[{"@type":"ListItem","position":1,"name":"Home","item":"https:\/\/bpa.ca\/fr\/"},{"@type":"ListItem","position":2,"name":"Davidson et Associ\u00e9s : maintenant BPA"}]},{"@type":"WebSite","@id":"https:\/\/bpa.ca\/fr\/#website","url":"https:\/\/bpa.ca\/fr\/","name":"BPA","description":"","publisher":{"@id":"https:\/\/bpa.ca\/fr\/#organization"},"potentialAction":[{"@type":"SearchAction","target":{"@type":"EntryPoint","urlTemplate":"https:\/\/bpa.ca\/fr\/?s={search_term_string}"},"query-input":{"@type":"PropertyValueSpecification","valueRequired":true,"valueName":"search_term_string"}}],"inLanguage":"fr-FR"},{"@type":"Organization","@id":"https:\/\/bpa.ca\/fr\/#organization","name":"BPA","url":"https:\/\/bpa.ca\/fr\/","logo":{"@type":"ImageObject","inLanguage":"fr-FR","@id":"https:\/\/bpa.ca\/fr\/#\/schema\/logo\/image\/","url":"https:\/\/bpa.ca\/wp-content\/uploads\/2026\/01\/BPA_Logo-70_avec_sloganFR_couleur_RGB.svg","contentUrl":"https:\/\/bpa.ca\/wp-content\/uploads\/2026\/01\/BPA_Logo-70_avec_sloganFR_couleur_RGB.svg","caption":"BPA"},"image":{"@id":"https:\/\/bpa.ca\/fr\/#\/schema\/logo\/image\/"}}]}},"_links":{"self":[{"href":"https:\/\/bpa.ca\/fr\/wp-json\/wp\/v2\/pages\/10449","targetHints":{"allow":["GET"]}}],"collection":[{"href":"https:\/\/bpa.ca\/fr\/wp-json\/wp\/v2\/pages"}],"about":[{"href":"https:\/\/bpa.ca\/fr\/wp-json\/wp\/v2\/types\/page"}],"author":[{"embeddable":true,"href":"https:\/\/bpa.ca\/fr\/wp-json\/wp\/v2\/users\/2"}],"replies":[{"embeddable":true,"href":"https:\/\/bpa.ca\/fr\/wp-json\/wp\/v2\/comments?post=10449"}],"version-history":[{"count":0,"href":"https:\/\/bpa.ca\/fr\/wp-json\/wp\/v2\/pages\/10449\/revisions"}],"wp:attachment":[{"href":"https:\/\/bpa.ca\/fr\/wp-json\/wp\/v2\/media?parent=10449"}],"curies":[{"name":"wp","href":"https:\/\/api.w.org\/{rel}","templated":true}]}}